{"id":101,"date":"2023-03-21T08:06:35","date_gmt":"2023-03-21T08:06:35","guid":{"rendered":"https:\/\/new.sakina.be\/?page_id=101"},"modified":"2023-03-25T13:54:11","modified_gmt":"2023-03-25T13:54:11","slug":"about","status":"publish","type":"page","link":"https:\/\/www.sakina.be\/nl\/about\/","title":{"rendered":"About"},"content":{"rendered":"<div data-elementor-type=\"wp-page\" data-elementor-id=\"101\" class=\"elementor elementor-101\" data-elementor-post-type=\"page\">\n\t\t\t\t\t\t<section class=\"elementor-section elementor-top-section elementor-element elementor-element-a883a11 elementor-section-boxed elementor-section-height-default elementor-section-height-default\" data-id=\"a883a11\" data-element_type=\"section\" data-e-type=\"section\" data-settings=\"{&quot;background_background&quot;:&quot;classic&quot;}\">\n\t\t\t\t\t\t<div class=\"elementor-container elementor-column-gap-default\">\n\t\t\t\t\t<div class=\"elementor-column elementor-col-100 elementor-top-column elementor-element elementor-element-636974b\" data-id=\"636974b\" data-element_type=\"column\" data-e-type=\"column\">\n\t\t\t<div class=\"elementor-widget-wrap elementor-element-populated\">\n\t\t\t\t\t\t<div class=\"elementor-element elementor-element-6294dfd animated-slow elementor-invisible elementor-widget elementor-widget-heading\" data-id=\"6294dfd\" data-element_type=\"widget\" data-e-type=\"widget\" data-settings=\"{&quot;_animation&quot;:&quot;lightSpeedIn&quot;}\" data-widget_type=\"heading.default\">\n\t\t\t\t<div class=\"elementor-widget-container\">\n\t\t\t\t\t<h1 class=\"elementor-heading-title elementor-size-default\">About Sakina<\/h1>\t\t\t\t<\/div>\n\t\t\t\t<\/div>\n\t\t\t\t\t<\/div>\n\t\t<\/div>\n\t\t\t\t\t<\/div>\n\t\t<\/section>\n\t\t\t\t<section class=\"elementor-section elementor-top-section elementor-element elementor-element-279a836 elementor-section-boxed elementor-section-height-default elementor-section-height-default\" data-id=\"279a836\" data-element_type=\"section\" data-e-type=\"section\">\n\t\t\t\t\t\t<div class=\"elementor-container elementor-column-gap-wide\">\n\t\t\t\t\t<div class=\"elementor-column elementor-col-100 elementor-top-column elementor-element elementor-element-e5b886a\" data-id=\"e5b886a\" data-element_type=\"column\" data-e-type=\"column\">\n\t\t\t<div class=\"elementor-widget-wrap elementor-element-populated\">\n\t\t\t\t\t\t<div class=\"elementor-element elementor-element-c0ec663 elementor-widget elementor-widget-text-editor\" data-id=\"c0ec663\" data-element_type=\"widget\" data-e-type=\"widget\" data-widget_type=\"text-editor.default\">\n\t\t\t\t<div class=\"elementor-widget-container\">\n\t\t\t\t\t\t\t\t\t<p>Sakina, is een woord van Arabische oorsprong, dat in het Swahili volheid, sereniteit betekent, die bijzondere toestand die ontstaat wanneer men vrede heeft met zichzelf en met wat ons omringt.<\/p><p>Dit is ook wat er gebeurt als we samen zingen en onze harten verbonden zijn.<\/p>\t\t\t\t\t\t\t\t<\/div>\n\t\t\t\t<\/div>\n\t\t\t\t\t<\/div>\n\t\t<\/div>\n\t\t\t\t\t<\/div>\n\t\t<\/section>\n\t\t\t\t<section class=\"elementor-section elementor-top-section elementor-element elementor-element-85f4e47 elementor-section-boxed elementor-section-height-default elementor-section-height-default\" data-id=\"85f4e47\" data-element_type=\"section\" data-e-type=\"section\">\n\t\t\t\t\t\t<div class=\"elementor-container elementor-column-gap-wide\">\n\t\t\t\t\t<div class=\"elementor-column elementor-col-50 elementor-top-column elementor-element elementor-element-5c378fb\" data-id=\"5c378fb\" data-element_type=\"column\" data-e-type=\"column\">\n\t\t\t<div class=\"elementor-widget-wrap elementor-element-populated\">\n\t\t\t\t\t\t<div class=\"elementor-element elementor-element-d12a4d8 elementor-widget elementor-widget-heading\" data-id=\"d12a4d8\" data-element_type=\"widget\" data-e-type=\"widget\" data-widget_type=\"heading.default\">\n\t\t\t\t<div class=\"elementor-widget-container\">\n\t\t\t\t\t<h2 class=\"elementor-heading-title elementor-size-default\">Muzikale leiding<\/h2>\t\t\t\t<\/div>\n\t\t\t\t<\/div>\n\t\t\t\t<div class=\"elementor-element elementor-element-7c031de elementor-widget elementor-widget-text-editor\" data-id=\"7c031de\" data-element_type=\"widget\" data-e-type=\"widget\" data-widget_type=\"text-editor.default\">\n\t\t\t\t<div class=\"elementor-widget-container\">\n\t\t\t\t\t\t\t\t\t<p>contact sakina<\/p>\t\t\t\t\t\t\t\t<\/div>\n\t\t\t\t<\/div>\n\t\t\t\t\t<\/div>\n\t\t<\/div>\n\t\t\t\t<div class=\"elementor-column elementor-col-50 elementor-top-column elementor-element elementor-element-d404efc\" data-id=\"d404efc\" data-element_type=\"column\" data-e-type=\"column\">\n\t\t\t<div class=\"elementor-widget-wrap elementor-element-populated\">\n\t\t\t\t\t\t<div class=\"elementor-element elementor-element-5f4da73 elementor-widget elementor-widget-heading\" data-id=\"5f4da73\" data-element_type=\"widget\" data-e-type=\"widget\" data-widget_type=\"heading.default\">\n\t\t\t\t<div class=\"elementor-widget-container\">\n\t\t\t\t\t<h2 class=\"elementor-heading-title elementor-size-default\">Zangers<\/h2>\t\t\t\t<\/div>\n\t\t\t\t<\/div>\n\t\t\t\t<div class=\"elementor-element elementor-element-49d2f78 elementor-widget elementor-widget-text-editor\" data-id=\"49d2f78\" data-element_type=\"widget\" data-e-type=\"widget\" data-widget_type=\"text-editor.default\">\n\t\t\t\t<div class=\"elementor-widget-container\">\n\t\t\t\t\t\t\t\t\t<p>Aline Trubert &#8211; An Vantomme &#8211; Anita Daulne &#8211; B\u00e9n\u00e9dicte Bournonville &#8211; B\u00e9n\u00e9dicte Debruyne &#8211; Catherine Dierckens &#8211; Cecile Drion &#8211; Corine Lemoine &#8211; Dirk De Greve &#8211; Gerdje Caers &#8211; Lieve De Wulf &#8211; Margit Huy &#8211; Marie Delvoye &#8211; Marielle Bauters &#8211; Maud Amirat &#8211; Myriam Monheim &#8211; Olivier Wespe &#8211; Pauline Decorte &#8211; Sypa Gueye<\/p>\t\t\t\t\t\t\t\t<\/div>\n\t\t\t\t<\/div>\n\t\t\t\t\t<\/div>\n\t\t<\/div>\n\t\t\t\t\t<\/div>\n\t\t<\/section>\n\t\t\t\t<section class=\"elementor-section elementor-top-section elementor-element elementor-element-814e328 elementor-section-boxed elementor-section-height-default elementor-section-height-default\" data-id=\"814e328\" data-element_type=\"section\" data-e-type=\"section\">\n\t\t\t\t\t\t<div class=\"elementor-container elementor-column-gap-wide\">\n\t\t\t\t\t<div class=\"elementor-column elementor-col-100 elementor-top-column elementor-element elementor-element-cc3f780\" data-id=\"cc3f780\" data-element_type=\"column\" data-e-type=\"column\">\n\t\t\t<div class=\"elementor-widget-wrap\">\n\t\t\t\t\t\t\t<\/div>\n\t\t<\/div>\n\t\t\t\t\t<\/div>\n\t\t<\/section>\n\t\t\t\t<\/div>","protected":false},"excerpt":{"rendered":"<p>About Sakina Sakina, est un mot d&rsquo;origine arabe, qui signifie en swahili, pl\u00e9nitude, s\u00e9r\u00e9nit\u00e9, cet \u00e9tat particulier qui apparait quand on est en paix avec soi m\u00eame et avec ce qui nous entoure. C\u2019est aussi ce qui se manifeste quand on chante ensemble et que nos c\u0153urs sont connect\u00e9s. Direction musicale Anita Daulne Chanteuses et [&hellip;]<\/p>\n","protected":false},"author":1,"featured_media":0,"parent":0,"menu_order":0,"comment_status":"closed","ping_status":"closed","template":"elementor_header_footer","meta":{"footnotes":""},"class_list":["post-101","page","type-page","status-publish","hentry"],"_links":{"self":[{"href":"https:\/\/www.sakina.be\/nl\/wp-json\/wp\/v2\/pages\/101","targetHints":{"allow":["GET"]}}],"collection":[{"href":"https:\/\/www.sakina.be\/nl\/wp-json\/wp\/v2\/pages"}],"about":[{"href":"https:\/\/www.sakina.be\/nl\/wp-json\/wp\/v2\/types\/page"}],"author":[{"embeddable":true,"href":"https:\/\/www.sakina.be\/nl\/wp-json\/wp\/v2\/users\/1"}],"replies":[{"embeddable":true,"href":"https:\/\/www.sakina.be\/nl\/wp-json\/wp\/v2\/comments?post=101"}],"version-history":[{"count":28,"href":"https:\/\/www.sakina.be\/nl\/wp-json\/wp\/v2\/pages\/101\/revisions"}],"predecessor-version":[{"id":395,"href":"https:\/\/www.sakina.be\/nl\/wp-json\/wp\/v2\/pages\/101\/revisions\/395"}],"wp:attachment":[{"href":"https:\/\/www.sakina.be\/nl\/wp-json\/wp\/v2\/media?parent=101"}],"curies":[{"name":"wp","href":"https:\/\/api.w.org\/{rel}","templated":true}]}}